{"id":10,"date":"2026-03-19T10:59:10","date_gmt":"2026-03-19T09:59:10","guid":{"rendered":"https:\/\/cad16.a8031a04.ch\/?page_id=10"},"modified":"2026-03-19T11:42:08","modified_gmt":"2026-03-19T10:42:08","slug":"marie-claire","status":"publish","type":"page","link":"https:\/\/cad16.a8031a04.ch\/?page_id=10","title":{"rendered":"Marie Claire"},"content":{"rendered":"\n<p>Marie privil\u00e9gie la cuisine naturelle. Le blog lui donne l\u2019occasion de proposer des recettes sucr\u00e9es et sal\u00e9es avec des ingr\u00e9dients parfois crus, cruelty-free. Tout d\u00e9pend de l\u2019inspiration du moment. Elle vous aide \u00e0 vous mettre au vert sans pour autant d\u00e9laisser le c\u00f4t\u00e9 plaisir de la bonne cuisine.<\/p>\n\n\n\n<!--nextpage-->\n\n\n\n<h2 class=\"wp-block-heading\" id=\"la-couleur-nacre\"><strong>Le nacre<\/strong><\/h2>\n\n\n\n<p class=\"has-vivid-cyan-blue-color has-text-color has-link-color wp-elements-232c089676303a103420ee7eb41acb40\">La&nbsp;<strong>nacre<\/strong>&nbsp;est le rev\u00eatement int\u00e9rieur, aux reflets&nbsp;<a href=\"https:\/\/fr.wikipedia.org\/wiki\/Iridescence\" target=\"_blank\" rel=\"noreferrer noopener\">iris\u00e9s<\/a>, de certaines&nbsp;<a href=\"https:\/\/fr.wikipedia.org\/wiki\/Coquille_de_mollusque\" target=\"_blank\" rel=\"noreferrer noopener\">coquilles de mollusque<\/a>,&nbsp;<a href=\"https:\/\/fr.wikipedia.org\/wiki\/Biosynth%C3%A8se\" target=\"_blank\" rel=\"noreferrer noopener\">biosynth\u00e9tis\u00e9e<\/a>&nbsp;par le&nbsp;<a href=\"https:\/\/fr.wikipedia.org\/wiki\/Manteau_(mollusque)\" target=\"_blank\" rel=\"noreferrer noopener\">manteau<\/a>&nbsp;et compos\u00e9e de&nbsp;<a href=\"https:\/\/fr.wikipedia.org\/wiki\/Cristal\" target=\"_blank\" rel=\"noreferrer noopener\">cristaux<\/a>&nbsp;d\u2019<a href=\"https:\/\/fr.wikipedia.org\/wiki\/Aragonite\" target=\"_blank\" rel=\"noreferrer noopener\">aragonite<\/a>&nbsp;li\u00e9s par une prot\u00e9ine appel\u00e9e&nbsp;<a href=\"https:\/\/fr.wikipedia.org\/wiki\/Conchyoline\" target=\"_blank\" rel=\"noreferrer noopener\">conchyoline<\/a>.<\/p>\n\n\n\n<h2 class=\"wp-block-heading\" id=\"la-couleur-nacre\"><strong>La couleur Nacre<\/strong><\/h2>\n\n\n\n<p>L\u2019aspect de la nacre ne provient pas de&nbsp;<a href=\"https:\/\/fr.wikipedia.org\/wiki\/Pigment\" target=\"_blank\" rel=\"noreferrer noopener\">pigments<\/a>&nbsp;; la superposition de couches d\u2019<a href=\"https:\/\/fr.wikipedia.org\/wiki\/Indice_de_r%C3%A9fraction\" target=\"_blank\" rel=\"noreferrer noopener\">indice de r\u00e9fraction<\/a>&nbsp;diff\u00e9rent cr\u00e9e des interf\u00e9rences, comme celles qui se produisent dans un&nbsp;<a href=\"https:\/\/fr.wikipedia.org\/wiki\/Filtre_dichro%C3%AFque\" target=\"_blank\" rel=\"noreferrer noopener\">filtre dichro\u00efque<\/a>&nbsp;ou dans les&nbsp;<a href=\"https:\/\/fr.wikipedia.org\/wiki\/Couleur_structurelle\" target=\"_blank\" rel=\"noreferrer noopener\">couleurs structurelles<\/a>, de sorte que la couleur d\u00e9pend de l\u2019angle d\u2019incidence de la lumi\u00e8re et de la position de l\u2019observateur, ce qui laisse voir des&nbsp;<a href=\"https:\/\/fr.wikipedia.org\/wiki\/Iridescence\" target=\"_blank\" rel=\"noreferrer noopener\">iridescences<\/a>&nbsp;caract\u00e9ristiques.<\/p>\n","protected":false},"excerpt":{"rendered":"<p>Marie privil\u00e9gie la cuisine naturelle. Le blog lui donne l\u2019occasion de proposer des recettes sucr\u00e9es et sal\u00e9es avec des ingr\u00e9dients parfois crus, cruelty-free. Tout d\u00e9pend de l\u2019inspiration du moment. Elle vous aide \u00e0 vous mettre au vert sans pour autant d\u00e9laisser le c\u00f4t\u00e9 plaisir de la bonne cuisine.<\/p>\n","protected":false},"author":1,"featured_media":30,"parent":0,"menu_order":0,"comment_status":"closed","ping_status":"closed","template":"","meta":{"footnotes":""},"class_list":["post-10","page","type-page","status-publish","has-post-thumbnail","hentry"],"_links":{"self":[{"href":"https:\/\/cad16.a8031a04.ch\/index.php?rest_route=\/wp\/v2\/pages\/10","targetHints":{"allow":["GET"]}}],"collection":[{"href":"https:\/\/cad16.a8031a04.ch\/index.php?rest_route=\/wp\/v2\/pages"}],"about":[{"href":"https:\/\/cad16.a8031a04.ch\/index.php?rest_route=\/wp\/v2\/types\/page"}],"author":[{"embeddable":true,"href":"https:\/\/cad16.a8031a04.ch\/index.php?rest_route=\/wp\/v2\/users\/1"}],"replies":[{"embeddable":true,"href":"https:\/\/cad16.a8031a04.ch\/index.php?rest_route=%2Fwp%2Fv2%2Fcomments&post=10"}],"version-history":[{"count":6,"href":"https:\/\/cad16.a8031a04.ch\/index.php?rest_route=\/wp\/v2\/pages\/10\/revisions"}],"predecessor-version":[{"id":38,"href":"https:\/\/cad16.a8031a04.ch\/index.php?rest_route=\/wp\/v2\/pages\/10\/revisions\/38"}],"wp:featuredmedia":[{"embeddable":true,"href":"https:\/\/cad16.a8031a04.ch\/index.php?rest_route=\/wp\/v2\/media\/30"}],"wp:attachment":[{"href":"https:\/\/cad16.a8031a04.ch\/index.php?rest_route=%2Fwp%2Fv2%2Fmedia&parent=10"}],"curies":[{"name":"wp","href":"https:\/\/api.w.org\/{rel}","templated":true}]}}