{"id":8,"date":"2026-03-19T10:58:39","date_gmt":"2026-03-19T09:58:39","guid":{"rendered":"https:\/\/cad16.a8031a04.ch\/?page_id=8"},"modified":"2026-03-19T11:46:31","modified_gmt":"2026-03-19T10:46:31","slug":"bienvenue","status":"publish","type":"page","link":"https:\/\/cad16.a8031a04.ch\/","title":{"rendered":"Bienvenue"},"content":{"rendered":"\n<p>Bienvenue chez nacre\u00ae.<\/p>\n\n\n\n<p>Je vous propose des recettes sucr\u00e9es et sal\u00e9es avec des ingr\u00e9dients parfois crus, cruelty-free. Tout d\u00e9pend de l\u2019inspiration du moment. Elle vous aide \u00e0 vous mettre au vert sans pour autant d\u00e9laisser le c\u00f4t\u00e9 plaisir de la bonne cuisine.<\/p>\n\n\n\n<p><\/p>\n","protected":false},"excerpt":{"rendered":"<p>Bienvenue chez nacre\u00ae. Je vous propose des recettes sucr\u00e9es et sal\u00e9es avec des ingr\u00e9dients parfois crus, cruelty-free. Tout d\u00e9pend de l\u2019inspiration du moment. Elle vous aide \u00e0 vous mettre au vert sans pour autant d\u00e9laisser le c\u00f4t\u00e9 plaisir de la bonne cuisine.<\/p>\n","protected":false},"author":1,"featured_media":0,"parent":0,"menu_order":0,"comment_status":"closed","ping_status":"closed","template":"","meta":{"footnotes":""},"class_list":["post-8","page","type-page","status-publish","hentry"],"_links":{"self":[{"href":"https:\/\/cad16.a8031a04.ch\/index.php?rest_route=\/wp\/v2\/pages\/8","targetHints":{"allow":["GET"]}}],"collection":[{"href":"https:\/\/cad16.a8031a04.ch\/index.php?rest_route=\/wp\/v2\/pages"}],"about":[{"href":"https:\/\/cad16.a8031a04.ch\/index.php?rest_route=\/wp\/v2\/types\/page"}],"author":[{"embeddable":true,"href":"https:\/\/cad16.a8031a04.ch\/index.php?rest_route=\/wp\/v2\/users\/1"}],"replies":[{"embeddable":true,"href":"https:\/\/cad16.a8031a04.ch\/index.php?rest_route=%2Fwp%2Fv2%2Fcomments&post=8"}],"version-history":[{"count":2,"href":"https:\/\/cad16.a8031a04.ch\/index.php?rest_route=\/wp\/v2\/pages\/8\/revisions"}],"predecessor-version":[{"id":40,"href":"https:\/\/cad16.a8031a04.ch\/index.php?rest_route=\/wp\/v2\/pages\/8\/revisions\/40"}],"wp:attachment":[{"href":"https:\/\/cad16.a8031a04.ch\/index.php?rest_route=%2Fwp%2Fv2%2Fmedia&parent=8"}],"curies":[{"name":"wp","href":"https:\/\/api.w.org\/{rel}","templated":true}]}}